{"id":16324,"date":"2020-06-04T09:53:22","date_gmt":"2020-06-04T08:53:22","guid":{"rendered":"https:\/\/lamiellee.com.dz\/boutique\/uncategorized\/%d8%b9%d8%b3%d9%84-%d8%a7%d9%84%d9%84%d8%a8%d9%8a%d9%86%d8%a9-250%d8%ba\/"},"modified":"2023-05-14T14:16:15","modified_gmt":"2023-05-14T13:16:15","slug":"%d8%b9%d8%b3%d9%84-%d8%a7%d9%84%d9%84%d8%a8%d9%8a%d9%86%d8%a9-250%d8%ba","status":"publish","type":"product","link":"https:\/\/lamiellee.com.dz\/ar\/boutique\/%d9%85%d9%86%d8%aa%d8%ac%d8%a7%d8%aa-%d8%a7%d9%84%d8%ae%d9%84%d9%8a%d8%a9\/%d8%a7%d9%84%d8%b9%d8%b3%d9%84-%d8%a7%d9%84%d8%b7%d8%a8%d9%8a%d8%b9%d9%8a\/%d8%b9%d8%b3%d9%84-%d8%a7%d9%84%d9%84%d8%a8%d9%8a%d9%86%d8%a9-250%d8%ba\/","title":{"rendered":"\u0639\u0633\u0644 \u0627\u0644\u0644\u0628\u064a\u0646\u0629 &#8211; 250\u063a"},"content":{"rendered":"<p>[vc_row][vc_column][vc_column_text text_larger=&#8221;no&#8221;]<\/p>\n<h2>Origines du miel d&#8217;euphorbe<\/h2>\n<p>Originaire de la wilaya d&#8217;<a href=\"https:\/\/fr.wikipedia.org\/wiki\/Wilaya_d%27El_Bayadh\">El Bayadh<\/a>, ce miel provient d&#8217;une r\u00e9gion qui se situe dans les <a title=\"Hauts Plateaux (Alg\u00e9rie)\" href=\"https:\/\/fr.wikipedia.org\/wiki\/Hauts_Plateaux_(Alg%C3%A9rie)\">Haute Plaines<\/a>\u00a0steppiques du Sud-Ouest alg\u00e9rien. Cette r\u00e9gion regorge de plantes des familles des euphorbiac\u00e9es pour lesquelles les abeilles raffolent.<\/p>\n<p>Cette vari\u00e9t\u00e9 de miel d&#8217;abeille est disponible uniquement dans certaines r\u00e9gions du Maghreb et du Moyen-Orient<\/p>\n<h2>Bienfaits du miel d&#8217;euphorbe<\/h2>\n<p>Excellent compagnon d&#8217;hiver, il contribue \u00e0 luter contre les infections de la sph\u00e8re ORL en g\u00e9n\u00e9ral et de la gorge en particulier. ce rem\u00e8de prescrit par nos grand-m\u00e8res trouve trouve maintenant sa caution scientifique dans plusieurs \u00e9tudes men\u00e9es \u00e0 travers le monde.<\/p>\n<p>Ce miel est aussi recommand\u00e9 pour ses vertus dans le traitement de l&#8217;asthme allergique.<\/p>\n<h2>Caract\u00e9ristiques du miel d&#8217;euphorbe<\/h2>\n<p>Ce miel est de couleur ambr\u00e9e et est fort au go\u00fbt.<\/p>\n<p><a href=\"https:\/\/lamiellee.com.dz\/ar\/\">La miell\u00e9e<\/a> vous propose cette excellente vari\u00e9t\u00e9 de miel s\u00e9lectionn\u00e9e avec les plus grands soins. profitez-en vite ![\/vc_column_text][\/vc_column][\/vc_row]<\/p>\n","protected":false},"excerpt":{"rendered":"<p><a href=\"http:\/\/www.lamiellee.dz\">La miell\u00e9e<\/a> \u062a\u0642\u062f\u0645 \u0644\u0643\u0645 <strong>\u0639\u0633\u0644\u0627 \u0627\u0644\u0644\u0628\u064a\u0646\u0629 \u062c\u0632\u0627\u0626\u0631\u06cc\u064b\u0627<\/strong> \u0645\u0646 \u0648\u0644\u0627\u06cc\u0629 \u0627\u0644\u0628\u06cc\u0636. \u0641\u0647\u0648 \u064a\u0633\u0627\u0639\u062f \u0639\u0644\u0649 \u0645\u0643\u0627\u0641\u062d\u0629 \u0645\u0634\u0627\u0643\u0644 \u0627\u0644\u0623\u0646\u0641 \u0648\u0627\u0644\u0623\u0630\u0646 \u0648\u0627\u0644\u062d\u0646\u062c\u0631\u0629 \u060c \u0648\u0643\u0630\u0644\u0643 \u0627\u0644\u0631\u0628\u0648 \u0627\u0644\u062a\u062d\u0633\u0633\u064a. \u0647\u0630\u0627 \u0627\u0644\u0639\u0633\u0644 \u062f\u0627\u0643\u0646 \u0643\u0647\u0631\u0645\u0627\u0646\u064a \u0627\u0644\u0644\u0648\u0646<\/p>\n","protected":false},"featured_media":28055,"comment_status":"open","ping_status":"closed","template":"","meta":[],"product_brand":[],"product_cat":[494,496,289],"product_tag":[],"yst_prominent_words":[108,41,106],"class_list":{"0":"post-16324","1":"product","2":"type-product","3":"status-publish","4":"has-post-thumbnail","6":"product_cat-494","7":"product_cat-496","8":"product_cat-produits-de-la-ruche","10":"first","11":"instock","12":"purchasable","13":"product-type-simple"},"jetpack_sharing_enabled":true,"_links":{"self":[{"href":"https:\/\/lamiellee.com.dz\/ar\/wp-json\/wp\/v2\/product\/16324","targetHints":{"allow":["GET"]}}],"collection":[{"href":"https:\/\/lamiellee.com.dz\/ar\/wp-json\/wp\/v2\/product"}],"about":[{"href":"https:\/\/lamiellee.com.dz\/ar\/wp-json\/wp\/v2\/types\/product"}],"replies":[{"embeddable":true,"href":"https:\/\/lamiellee.com.dz\/ar\/wp-json\/wp\/v2\/comments?post=16324"}],"version-history":[{"count":0,"href":"https:\/\/lamiellee.com.dz\/ar\/wp-json\/wp\/v2\/product\/16324\/revisions"}],"wp:featuredmedia":[{"embeddable":true,"href":"https:\/\/lamiellee.com.dz\/ar\/wp-json\/wp\/v2\/media\/28055"}],"wp:attachment":[{"href":"https:\/\/lamiellee.com.dz\/ar\/wp-json\/wp\/v2\/media?parent=16324"}],"wp:term":[{"taxonomy":"product_brand","embeddable":true,"href":"https:\/\/lamiellee.com.dz\/ar\/wp-json\/wp\/v2\/product_brand?post=16324"},{"taxonomy":"product_cat","embeddable":true,"href":"https:\/\/lamiellee.com.dz\/ar\/wp-json\/wp\/v2\/product_cat?post=16324"},{"taxonomy":"product_tag","embeddable":true,"href":"https:\/\/lamiellee.com.dz\/ar\/wp-json\/wp\/v2\/product_tag?post=16324"},{"taxonomy":"yst_prominent_words","embeddable":true,"href":"https:\/\/lamiellee.com.dz\/ar\/wp-json\/wp\/v2\/yst_prominent_words?post=16324"}],"curies":[{"name":"wp","href":"https:\/\/api.w.org\/{rel}","templated":true}]}}