{"id":25014,"date":"2024-05-18T16:38:41","date_gmt":"2024-05-18T15:38:41","guid":{"rendered":"https:\/\/lamiellee.com.dz\/boutique\/non%20class\u00e9\/pollen-500-g\/"},"modified":"2026-03-14T05:45:47","modified_gmt":"2026-03-14T04:45:47","slug":"pollen-sec","status":"publish","type":"product","link":"https:\/\/lamiellee.com.dz\/ar\/boutique\/%d9%85%d9%86%d8%aa%d8%ac%d8%a7%d8%aa-%d8%a7%d9%84%d8%ae%d9%84%d9%8a%d8%a9\/%d9%85%d9%86%d8%aa%d8%ac%d8%a7%d8%aa-%d8%a3%d8%ae%d8%b1%d9%89-%d9%85%d9%86-%d8%a7%d9%84%d8%ae%d9%84%d9%8a%d8%a9\/pollen-sec\/","title":{"rendered":"Pollen Sec &#8211; \u062d\u0628\u0648\u0628 \u0627\u0644\u0637\u0644\u0639 \u0627\u0644\u062c\u0627\u0641\u0629"},"content":{"rendered":"<h3 data-start=\"234\" data-end=\"281\"><strong data-start=\"238\" data-end=\"281\">Pollen Sec \u2013 La Miell\u00e9e<\/strong><\/h3>\n<p data-start=\"533\" data-end=\"860\">Le pollen sec La Miell\u00e9e est le reflet de la biodiversit\u00e9 exceptionnelle de l\u2019Alg\u00e9rie. Collect\u00e9 naturellement par les abeilles, il provient d\u2019une grande vari\u00e9t\u00e9 de fleurs sauvages. Sa couleur et son aspect uniques t\u00e9moignent des paysages o\u00f9 il est r\u00e9colt\u00e9 et de la richesse florale de nos terroirs.<\/p>\n<p data-start=\"862\" data-end=\"1139\">Ce produit incarne la rencontre entre la nature et le savoir-faire artisanal. Chaque lot est soigneusement s\u00e9lectionn\u00e9 pour pr\u00e9server sa fra\u00eecheur et sa qualit\u00e9. Conditionn\u00e9 en Alg\u00e9rie, il conserve l\u2019empreinte de ses zones de p\u00e2turage et le travail minutieux des apiculteurs.<\/p>\n<p data-start=\"1141\" data-end=\"1165\"><strong data-start=\"1141\" data-end=\"1163\">Caract\u00e9ristiques :<\/strong><\/p>\n<ul data-start=\"1166\" data-end=\"1334\">\n<li data-start=\"1166\" data-end=\"1215\">\n<p data-start=\"1168\" data-end=\"1215\">Origine : Alg\u00e9rie \u2013 zones florales pr\u00e9serv\u00e9es<\/p>\n<\/li>\n<li data-start=\"1216\" data-end=\"1240\">\n<p data-start=\"1218\" data-end=\"1240\">Produit : Pollen sec<\/p>\n<\/li>\n<li data-start=\"1241\" data-end=\"1276\">R\u00e9colte : Artisanale, respectueuse de l\u2019environnement<\/li>\n<\/ul>\n<p data-start=\"1336\" data-end=\"1582\"><strong data-start=\"1336\" data-end=\"1360\">Engagement qualit\u00e9 :<\/strong><br data-start=\"1360\" data-end=\"1363\" \/>La Miell\u00e9e veille \u00e0 la puret\u00e9 et \u00e0 la tra\u00e7abilit\u00e9 de son pollen, en mettant en avant des pratiques durables et le respect de la biodiversit\u00e9. Chaque pot traduit l\u2019authenticit\u00e9 et la passion de l\u2019apiculture alg\u00e9rienne.<\/p>\n","protected":false},"excerpt":{"rendered":"<p>Le pollen sec La Miell\u00e9e est r\u00e9colt\u00e9 avec soin dans les zones pr\u00e9serv\u00e9es d\u2019Alg\u00e9rie. Ce produit authentique raconte l\u2019histoire des plantes butin\u00e9es par les abeilles et le savoir-faire traditionnel des apiculteurs locaux.<\/p>\n","protected":false},"featured_media":28401,"comment_status":"open","ping_status":"closed","template":"","meta":[],"product_brand":[711],"product_cat":[497,496],"product_tag":[],"yst_prominent_words":[41],"class_list":{"0":"post-25014","1":"product","2":"type-product","3":"status-publish","4":"has-post-thumbnail","6":"product_brand-la-miellee","7":"product_cat-497","8":"product_cat-496","10":"first","11":"instock","12":"sale","13":"purchasable","14":"product-type-variable"},"jetpack_sharing_enabled":true,"_links":{"self":[{"href":"https:\/\/lamiellee.com.dz\/ar\/wp-json\/wp\/v2\/product\/25014","targetHints":{"allow":["GET"]}}],"collection":[{"href":"https:\/\/lamiellee.com.dz\/ar\/wp-json\/wp\/v2\/product"}],"about":[{"href":"https:\/\/lamiellee.com.dz\/ar\/wp-json\/wp\/v2\/types\/product"}],"replies":[{"embeddable":true,"href":"https:\/\/lamiellee.com.dz\/ar\/wp-json\/wp\/v2\/comments?post=25014"}],"version-history":[{"count":3,"href":"https:\/\/lamiellee.com.dz\/ar\/wp-json\/wp\/v2\/product\/25014\/revisions"}],"predecessor-version":[{"id":28895,"href":"https:\/\/lamiellee.com.dz\/ar\/wp-json\/wp\/v2\/product\/25014\/revisions\/28895"}],"wp:featuredmedia":[{"embeddable":true,"href":"https:\/\/lamiellee.com.dz\/ar\/wp-json\/wp\/v2\/media\/28401"}],"wp:attachment":[{"href":"https:\/\/lamiellee.com.dz\/ar\/wp-json\/wp\/v2\/media?parent=25014"}],"wp:term":[{"taxonomy":"product_brand","embeddable":true,"href":"https:\/\/lamiellee.com.dz\/ar\/wp-json\/wp\/v2\/product_brand?post=25014"},{"taxonomy":"product_cat","embeddable":true,"href":"https:\/\/lamiellee.com.dz\/ar\/wp-json\/wp\/v2\/product_cat?post=25014"},{"taxonomy":"product_tag","embeddable":true,"href":"https:\/\/lamiellee.com.dz\/ar\/wp-json\/wp\/v2\/product_tag?post=25014"},{"taxonomy":"yst_prominent_words","embeddable":true,"href":"https:\/\/lamiellee.com.dz\/ar\/wp-json\/wp\/v2\/yst_prominent_words?post=25014"}],"curies":[{"name":"wp","href":"https:\/\/api.w.org\/{rel}","templated":true}]}}